{"id":170,"date":"2025-06-30T21:24:59","date_gmt":"2025-06-30T19:24:59","guid":{"rendered":"https:\/\/hoyasurfcamp.com\/?post_type=product&#038;p=170"},"modified":"2025-06-30T21:25:00","modified_gmt":"2025-06-30T19:25:00","slug":"bel-viaggio-a-pagaia","status":"publish","type":"product","link":"https:\/\/hoyasurfcamp.com\/it\/produit\/belle-balade-en-paddle\/","title":{"rendered":"Bellissimo giro in paddle"},"content":{"rendered":"","protected":false},"excerpt":{"rendered":"<p>1 ora e 30 minuti.\u00a0<span class=\"s1\">Proponiamo anche un'escursione in pagaia al Lac de Lat\u00e9co\u00e8re, accessibile sia ai principianti che ai pi\u00f9 esperti. Potrete scoprire lo stand-up paddling attraversando la riserva naturale di Biscarrosse. Potrete passeggiare lungo i canali e scoprire la flora e la fauna. La scelta dei percorsi \u00e8 ampia e consente di sfruttare al meglio le vie d'acqua delle Landes!<\/span><\/p>","protected":false},"featured_media":171,"template":"","meta":{"_kad_blocks_custom_css":"","_kad_blocks_head_custom_js":"","_kad_blocks_body_custom_js":"","_kad_blocks_footer_custom_js":"","_kad_post_transparent":"default","_kad_post_title":"","_kad_post_layout":"default","_kad_post_sidebar_id":"","_kad_post_content_style":"default","_kad_post_vertical_padding":"default","_kad_post_feature":"","_kad_post_feature_position":"","_kad_post_header":false,"_kad_post_footer":false,"_kad_post_classname":"","footnotes":""},"product_cat":[17],"product_tag":[],"class_list":{"0":"post-170","1":"product","2":"type-product","3":"status-publish","4":"has-post-thumbnail","6":"product_cat-stand-up-paddle","8":"first","9":"instock","10":"virtual","11":"purchasable","12":"product-type-simple","13":"entry","14":"content-bg","15":"loop-entry"},"taxonomy_info":{"product_cat":[{"value":17,"label":"Stand up paddle"}]},"featured_image_src_large":["https:\/\/hoyasurfcamp.com\/wp-content\/uploads\/sites\/12\/2025\/06\/holly-mandarich-CIMet4T90Ng-unsplash-1024x683.jpg",1024,683,true],"author_info":[],"comment_info":"","_links":{"self":[{"href":"https:\/\/hoyasurfcamp.com\/it\/wp-json\/wp\/v2\/product\/170","targetHints":{"allow":["GET"]}}],"collection":[{"href":"https:\/\/hoyasurfcamp.com\/it\/wp-json\/wp\/v2\/product"}],"about":[{"href":"https:\/\/hoyasurfcamp.com\/it\/wp-json\/wp\/v2\/types\/product"}],"version-history":[{"count":0,"href":"https:\/\/hoyasurfcamp.com\/it\/wp-json\/wp\/v2\/product\/170\/revisions"}],"wp:featuredmedia":[{"embeddable":true,"href":"https:\/\/hoyasurfcamp.com\/it\/wp-json\/wp\/v2\/media\/171"}],"wp:attachment":[{"href":"https:\/\/hoyasurfcamp.com\/it\/wp-json\/wp\/v2\/media?parent=170"}],"wp:term":[{"taxonomy":"product_cat","embeddable":true,"href":"https:\/\/hoyasurfcamp.com\/it\/wp-json\/wp\/v2\/product_cat?post=170"},{"taxonomy":"product_tag","embeddable":true,"href":"https:\/\/hoyasurfcamp.com\/it\/wp-json\/wp\/v2\/product_tag?post=170"}],"curies":[{"name":"wp","href":"https:\/\/api.w.org\/{rel}","templated":true}]}}