{"id":242,"date":"2025-07-01T09:19:40","date_gmt":"2025-07-01T07:19:40","guid":{"rendered":"https:\/\/hoyasurfcamp.com\/?page_id=242"},"modified":"2025-07-01T09:22:39","modified_gmt":"2025-07-01T07:22:39","slug":"informazioni-legali","status":"publish","type":"page","link":"https:\/\/hoyasurfcamp.com\/it\/mentions-legales\/","title":{"rendered":"Informazioni legali"},"content":{"rendered":"<p><strong>Editore del sito<\/strong><\/p>\n\n\n\n<ul class=\"wp-block-list\">\n<li><strong>Nome o ragione sociale<\/strong>: Geoffrey Jaubert<\/li>\n\n\n\n<li><strong>Forma giuridica<\/strong>: Impresa individuale<\/li>\n\n\n\n<li><strong>Indirizzo della sede legale<\/strong>681 rue du Tit - campeggio du Vivier - 40600 Biscarrosse<\/li>\n\n\n\n<li><strong>Numero di telefono<\/strong>: 06 77 43 06 31\u00a0<\/li>\n\n\n\n<li><strong>Indirizzo e-mail di contatto<\/strong> : geoffreyhoya@gmail.com\u00a0<\/li>\n\n\n\n<li><strong>Numero di registrazione<\/strong>: 828 815 084<a>\u00a0<\/a><\/li>\n\n\n\n<li><strong>Direttore editoriale<\/strong>: Geoffrey Jaubert<\/li>\n<\/ul>\n\n\n\n<p><strong>Hosting<\/strong><\/p>\n\n\n\n<ul class=\"wp-block-list\">\n<li><strong>Ospite<\/strong>: Stand<\/li>\n\n\n\n<li><strong>Indirizzo dell'host<\/strong>Pentone, 20221 Cervioni, UE<\/li>\n<\/ul>\n\n\n\n<p><strong>Propriet\u00e0 intellettuale<\/strong><br>L'intero contenuto del sito HOYASURFCAMP.COM, di seguito denominato \"Sito\": testi, immagini, grafici, loghi, icone, suoni, software, ecc. \u00e8 di propriet\u00e0 di GEOFFREY JAUBERT, di seguito denominata \"Societ\u00e0\" ed \u00e8 soggetto ad autorizzazione d'uso. \u00c8 vietata la riproduzione, la rappresentazione, la modifica, la pubblicazione, l'adattamento di tutti o parte degli elementi del sito, qualunque sia il mezzo o il processo utilizzato, salvo previa autorizzazione scritta della Societ\u00e0.<\/p>\n\n\n\n<p><strong>Termini e condizioni d'uso<\/strong><br>L'utilizzo del sito implica la piena accettazione delle condizioni generali di utilizzo descritte di seguito. Tali condizioni possono essere modificate o integrate in qualsiasi momento, pertanto si consiglia agli utenti del sito di consultarle regolarmente.<\/p>\n\n\n\n<p><strong>Protezione dei dati personali<\/strong><br>Le informazioni raccolte tramite i moduli di questo sito vengono registrate dalla Societ\u00e0 per l'analisi statistica del numero di visitatori e per la gestione commerciale. Ai sensi della legge sulla protezione dei dati e del RGPD, potete esercitare i vostri diritti di accesso, rettifica e opposizione ai dati che vi riguardano rivolgendovi a <a href=\"#adresse-mail\">l'indirizzo e-mail di contatto<\/a> all'inizio della pagina.<\/p>\n\n\n\n<p><strong>Biscotti<\/strong><br>Il Sito utilizza i cookie per migliorare l'esperienza dell'utente, compilare statistiche sulle visite e offrire servizi personalizzati. Per saperne di pi\u00f9 e per configurare i cookie, consultare la nostra informativa sulla privacy.<\/p>\n\n\n\n<p><strong>Legge applicabile e giurisdizione<\/strong><br>Qualsiasi controversia derivante dall'utilizzo del Sito \u00e8 soggetta alla legge francese. La giurisdizione esclusiva \u00e8 attribuita ai tribunali competenti del dipartimento della Societ\u00e0.<\/p>\n\n\n\n<p><strong>Contatto<\/strong><br>Per qualsiasi domanda o richiesta di informazioni sui prodotti o servizi presentati sul sito, o sul sito stesso, \u00e8 possibile inviare un messaggio a <a href=\"#adresse-mail\">l'indirizzo e-mail di contatto<\/a> all'inizio della pagina.<\/p>","protected":false},"excerpt":{"rendered":"<p>Editore del sito Hosting Propriet\u00e0 intellettualeL'intero contenuto del sito HOYASURFCAMP.COM, di seguito denominato \"Sito\", compresi testi, immagini, grafici, loghi, icone, suoni, software, ecc. \u00e8 di propriet\u00e0 di GEOFFREY JAUBERT, di seguito denominata \"Societ\u00e0\", ed \u00e8 soggetto ad autorizzazione d'uso. Qualsiasi riproduzione, rappresentazione, modifica, pubblicazione, adattamento di tutti o di una parte degli elementi del sito, qualunque sia la...<\/p>","protected":false},"author":2,"featured_media":0,"parent":0,"menu_order":0,"comment_status":"closed","ping_status":"closed","template":"","meta":{"_kad_blocks_custom_css":"","_kad_blocks_head_custom_js":"","_kad_blocks_body_custom_js":"","_kad_blocks_footer_custom_js":"","_kadence_starter_templates_imported_post":false,"_kad_post_transparent":"","_kad_post_title":"","_kad_post_layout":"narrow","_kad_post_sidebar_id":"","_kad_post_content_style":"","_kad_post_vertical_padding":"","_kad_post_feature":"","_kad_post_feature_position":"","_kad_post_header":false,"_kad_post_footer":false,"_kad_post_classname":"","footnotes":""},"class_list":["post-242","page","type-page","status-publish","hentry"],"taxonomy_info":[],"featured_image_src_large":false,"author_info":{"display_name":"manon","author_link":"https:\/\/hoyasurfcamp.com\/it\/author\/manon\/"},"comment_info":"","_links":{"self":[{"href":"https:\/\/hoyasurfcamp.com\/it\/wp-json\/wp\/v2\/pages\/242","targetHints":{"allow":["GET"]}}],"collection":[{"href":"https:\/\/hoyasurfcamp.com\/it\/wp-json\/wp\/v2\/pages"}],"about":[{"href":"https:\/\/hoyasurfcamp.com\/it\/wp-json\/wp\/v2\/types\/page"}],"author":[{"embeddable":true,"href":"https:\/\/hoyasurfcamp.com\/it\/wp-json\/wp\/v2\/users\/2"}],"replies":[{"embeddable":true,"href":"https:\/\/hoyasurfcamp.com\/it\/wp-json\/wp\/v2\/comments?post=242"}],"version-history":[{"count":0,"href":"https:\/\/hoyasurfcamp.com\/it\/wp-json\/wp\/v2\/pages\/242\/revisions"}],"wp:attachment":[{"href":"https:\/\/hoyasurfcamp.com\/it\/wp-json\/wp\/v2\/media?parent=242"}],"curies":[{"name":"wp","href":"https:\/\/api.w.org\/{rel}","templated":true}]}}