{"id":161,"date":"2025-06-30T21:11:25","date_gmt":"2025-06-30T19:11:25","guid":{"rendered":"https:\/\/hoyasurfcamp.com\/?post_type=product&#038;p=161"},"modified":"2025-06-30T21:18:27","modified_gmt":"2025-06-30T19:18:27","slug":"curso-de-iniciacion-al-padel","status":"publish","type":"product","link":"https:\/\/hoyasurfcamp.com\/es\/produit\/cours-dinitiation-au-paddle\/","title":{"rendered":"Introducci\u00f3n al p\u00e1del"},"content":{"rendered":"","protected":false},"excerpt":{"rendered":"<div class=\"woocommerce-product-details__short-description\">\n<p>1 hora. La iniciaci\u00f3n al remo es ideal para principiantes. Se lleva a cabo en el Lago de Maguide, y te introduce al SUP en aguas tranquilas, utilizando varios ejercicios para aprender t\u00e9cnicas b\u00e1sicas como la postura, la direcci\u00f3n, evitar obst\u00e1culos y \u00a1convertirte en un verdadero profesional del remo!<\/p>\n<\/div>","protected":false},"featured_media":162,"template":"","meta":{"_kad_blocks_custom_css":"","_kad_blocks_head_custom_js":"","_kad_blocks_body_custom_js":"","_kad_blocks_footer_custom_js":"","_kad_post_transparent":"default","_kad_post_title":"","_kad_post_layout":"default","_kad_post_sidebar_id":"","_kad_post_content_style":"default","_kad_post_vertical_padding":"default","_kad_post_feature":"","_kad_post_feature_position":"","_kad_post_header":false,"_kad_post_footer":false,"_kad_post_classname":"","footnotes":""},"product_cat":[17],"product_tag":[],"class_list":{"0":"post-161","1":"product","2":"type-product","3":"status-publish","4":"has-post-thumbnail","6":"product_cat-stand-up-paddle","8":"first","9":"instock","10":"virtual","11":"purchasable","12":"product-type-simple","13":"entry","14":"content-bg","15":"loop-entry"},"taxonomy_info":{"product_cat":[{"value":17,"label":"Stand up paddle"}]},"featured_image_src_large":["https:\/\/hoyasurfcamp.com\/wp-content\/uploads\/sites\/12\/2025\/06\/alex-perez-Iul_cHtH4NY-unsplash-767x1024.jpg",767,1024,true],"author_info":[],"comment_info":"","_links":{"self":[{"href":"https:\/\/hoyasurfcamp.com\/es\/wp-json\/wp\/v2\/product\/161","targetHints":{"allow":["GET"]}}],"collection":[{"href":"https:\/\/hoyasurfcamp.com\/es\/wp-json\/wp\/v2\/product"}],"about":[{"href":"https:\/\/hoyasurfcamp.com\/es\/wp-json\/wp\/v2\/types\/product"}],"version-history":[{"count":0,"href":"https:\/\/hoyasurfcamp.com\/es\/wp-json\/wp\/v2\/product\/161\/revisions"}],"wp:featuredmedia":[{"embeddable":true,"href":"https:\/\/hoyasurfcamp.com\/es\/wp-json\/wp\/v2\/media\/162"}],"wp:attachment":[{"href":"https:\/\/hoyasurfcamp.com\/es\/wp-json\/wp\/v2\/media?parent=161"}],"wp:term":[{"taxonomy":"product_cat","embeddable":true,"href":"https:\/\/hoyasurfcamp.com\/es\/wp-json\/wp\/v2\/product_cat?post=161"},{"taxonomy":"product_tag","embeddable":true,"href":"https:\/\/hoyasurfcamp.com\/es\/wp-json\/wp\/v2\/product_tag?post=161"}],"curies":[{"name":"wp","href":"https:\/\/api.w.org\/{rel}","templated":true}]}}