{"id":242,"date":"2025-07-01T09:19:40","date_gmt":"2025-07-01T07:19:40","guid":{"rendered":"https:\/\/hoyasurfcamp.com\/?page_id=242"},"modified":"2025-07-01T09:22:39","modified_gmt":"2025-07-01T07:22:39","slug":"informacion-legal","status":"publish","type":"page","link":"https:\/\/hoyasurfcamp.com\/es\/mentions-legales\/","title":{"rendered":"Informaci\u00f3n jur\u00eddica"},"content":{"rendered":"<p><strong>Editor del sitio<\/strong><\/p>\n\n\n\n<ul class=\"wp-block-list\">\n<li><strong>Nombre o raz\u00f3n social<\/strong>: Geoffrey Jaubert<\/li>\n\n\n\n<li><strong>Forma jur\u00eddica<\/strong>Empresario individual<\/li>\n\n\n\n<li><strong>Domicilio social<\/strong>681 rue du Tit - camping du Vivier - 40600 Biscarrosse<\/li>\n\n\n\n<li><strong>N\u00famero de tel\u00e9fono<\/strong>: 06 77 43 06 31\u00a0<\/li>\n\n\n\n<li><strong>Correo electr\u00f3nico de contacto<\/strong> : geoffreyhoya@gmail.com\u00a0<\/li>\n\n\n\n<li><strong>N\u00famero de registro<\/strong>: 828 815 084<a>\u00a0<\/a><\/li>\n\n\n\n<li><strong>Director editorial<\/strong>: Geoffrey Jaubert<\/li>\n<\/ul>\n\n\n\n<p><strong>Alojamiento<\/strong><\/p>\n\n\n\n<ul class=\"wp-block-list\">\n<li><strong>Anfitri\u00f3n<\/strong>: Soportes<\/li>\n\n\n\n<li><strong>Direcci\u00f3n del host<\/strong>Pentone, 20221 Cervioni, UE<\/li>\n<\/ul>\n\n\n\n<p><strong>Propiedad intelectual<\/strong><br>El conjunto del contenido del sitio HOYASURFCAMP.COM, denominado a continuaci\u00f3n \"Sitio\": textos, im\u00e1genes, grafismos, logotipos, iconos, sonidos, software, etc., es propiedad de GEOFFREY JAUBERT, denominada a continuaci\u00f3n \"Empresa\" y est\u00e1 sujeto a autorizaci\u00f3n de uso. Cualquier reproducci\u00f3n, representaci\u00f3n, modificaci\u00f3n, publicaci\u00f3n, adaptaci\u00f3n de la totalidad o parte de los elementos del sitio, cualesquiera que sean los medios o procedimientos utilizados, est\u00e1 prohibida, salvo autorizaci\u00f3n previa por escrito de la Empresa.<\/p>\n\n\n\n<p><strong>Condiciones de uso<\/strong><br>El uso del sitio implica la plena aceptaci\u00f3n de las condiciones generales de uso que se describen a continuaci\u00f3n. Estas condiciones pueden modificarse o completarse en cualquier momento, por lo que se aconseja a los usuarios del sitio que las consulten peri\u00f3dicamente.<\/p>\n\n\n\n<p><strong>Protecci\u00f3n de datos personales<\/strong><br>La informaci\u00f3n recogida a trav\u00e9s de los formularios de este sitio es registrada por la Empresa para el an\u00e1lisis estad\u00edstico del n\u00famero de visitantes y la gesti\u00f3n comercial. De conformidad con la Ley de Protecci\u00f3n de Datos y el RGPD, puede ejercer sus derechos de acceso, rectificaci\u00f3n y oposici\u00f3n a los datos que le conciernen dirigi\u00e9ndose a <a href=\"#adresse-mail\">la direcci\u00f3n de correo electr\u00f3nico de contacto<\/a> en la parte superior de la p\u00e1gina.<\/p>\n\n\n\n<p><strong>Cookies<\/strong><br>El Sitio utiliza cookies para mejorar la experiencia del usuario, elaborar estad\u00edsticas sobre las visitas y ofrecer servicios personalizados. Para obtener m\u00e1s informaci\u00f3n y configurar las cookies, consulte nuestra pol\u00edtica de privacidad.<\/p>\n\n\n\n<p><strong>Legislaci\u00f3n y jurisdicci\u00f3n aplicables<\/strong><br>Cualquier litigio que surja en relaci\u00f3n con el uso del Sitio est\u00e1 sujeto a la legislaci\u00f3n francesa. Se concede jurisdicci\u00f3n exclusiva a los tribunales competentes del departamento de la Empresa.<\/p>\n\n\n\n<p><strong>P\u00f3ngase en contacto con<\/strong><br>Si tiene alguna pregunta o necesita informaci\u00f3n sobre los productos o servicios presentados en el sitio, o sobre el propio sitio, puede enviar un mensaje a <a href=\"#adresse-mail\">la direcci\u00f3n de correo electr\u00f3nico de contacto<\/a> en la parte superior de la p\u00e1gina.<\/p>","protected":false},"excerpt":{"rendered":"<p>Editor del sitio Alojamiento Propiedad intelectualEl contenido \u00edntegro del sitio HOYASURFCAMP.COM, denominado a continuaci\u00f3n el \"Sitio\", incluidos los textos, im\u00e1genes, grafismos, logotipos, iconos, sonidos, software, etc., es propiedad de GEOFFREY JAUBERT, denominada a continuaci\u00f3n la \"Sociedad\", y est\u00e1 sujeto a autorizaci\u00f3n de uso. Cualquier reproducci\u00f3n, representaci\u00f3n, modificaci\u00f3n, publicaci\u00f3n, adaptaci\u00f3n de la totalidad o parte de los elementos del sitio, cualquiera que sea el...<\/p>","protected":false},"author":2,"featured_media":0,"parent":0,"menu_order":0,"comment_status":"closed","ping_status":"closed","template":"","meta":{"_kad_blocks_custom_css":"","_kad_blocks_head_custom_js":"","_kad_blocks_body_custom_js":"","_kad_blocks_footer_custom_js":"","_kadence_starter_templates_imported_post":false,"_kad_post_transparent":"","_kad_post_title":"","_kad_post_layout":"narrow","_kad_post_sidebar_id":"","_kad_post_content_style":"","_kad_post_vertical_padding":"","_kad_post_feature":"","_kad_post_feature_position":"","_kad_post_header":false,"_kad_post_footer":false,"_kad_post_classname":"","footnotes":""},"class_list":["post-242","page","type-page","status-publish","hentry"],"taxonomy_info":[],"featured_image_src_large":false,"author_info":{"display_name":"manon","author_link":"https:\/\/hoyasurfcamp.com\/es\/author\/manon\/"},"comment_info":"","_links":{"self":[{"href":"https:\/\/hoyasurfcamp.com\/es\/wp-json\/wp\/v2\/pages\/242","targetHints":{"allow":["GET"]}}],"collection":[{"href":"https:\/\/hoyasurfcamp.com\/es\/wp-json\/wp\/v2\/pages"}],"about":[{"href":"https:\/\/hoyasurfcamp.com\/es\/wp-json\/wp\/v2\/types\/page"}],"author":[{"embeddable":true,"href":"https:\/\/hoyasurfcamp.com\/es\/wp-json\/wp\/v2\/users\/2"}],"replies":[{"embeddable":true,"href":"https:\/\/hoyasurfcamp.com\/es\/wp-json\/wp\/v2\/comments?post=242"}],"version-history":[{"count":0,"href":"https:\/\/hoyasurfcamp.com\/es\/wp-json\/wp\/v2\/pages\/242\/revisions"}],"wp:attachment":[{"href":"https:\/\/hoyasurfcamp.com\/es\/wp-json\/wp\/v2\/media?parent=242"}],"curies":[{"name":"wp","href":"https:\/\/api.w.org\/{rel}","templated":true}]}}