{"id":242,"date":"2025-07-01T09:19:40","date_gmt":"2025-07-01T07:19:40","guid":{"rendered":"https:\/\/hoyasurfcamp.com\/?page_id=242"},"modified":"2025-07-01T09:22:39","modified_gmt":"2025-07-01T07:22:39","slug":"rechtliche-hinweise","status":"publish","type":"page","link":"https:\/\/hoyasurfcamp.com\/de\/mentions-legales\/","title":{"rendered":"Rechtliche Hinweise"},"content":{"rendered":"<p><strong>Herausgeber der Seite<\/strong><\/p>\n\n\n\n<ul class=\"wp-block-list\">\n<li><strong>Name oder Firmenname<\/strong>: Geoffrey Jaubert<\/li>\n\n\n\n<li><strong>Rechtsform<\/strong>: Einzelunternehmer<\/li>\n\n\n\n<li><strong>Adresse des Firmensitzes<\/strong>: 681 rue du Tit - camping du Vivier - 40600 Biscarrosse<\/li>\n\n\n\n<li><strong>Telefonnummer<\/strong>: 06 77 43 06 31\u00a0<\/li>\n\n\n\n<li><strong>Kontakt-E-Mail-Adresse<\/strong> : geoffreyhoya@gmail.com\u00a0<\/li>\n\n\n\n<li><strong>Registrierungsnummer<\/strong>: 828 815 084<a>\u00a0<\/a><\/li>\n\n\n\n<li><strong>Leiter der Ver\u00f6ffentlichung<\/strong>: Geoffrey Jaubert<\/li>\n<\/ul>\n\n\n\n<p><strong>Unterkunft<\/strong><\/p>\n\n\n\n<ul class=\"wp-block-list\">\n<li><strong>Hoster<\/strong>: St\u00e4nde<\/li>\n\n\n\n<li><strong>Adresse des Hosts<\/strong>: Pentone, 20221 Cervioni, EU<\/li>\n<\/ul>\n\n\n\n<p><strong>Geistiges Eigentum<\/strong><br>Der gesamte Inhalt der Website HOYASURFCAMP.COM , im Folgenden \"Website\" genannt: Texte, Bilder, Grafiken, Logos, Symbole, T\u00f6ne, Software usw. sind Eigentum von GEOFFREY JAUBERT, im Folgenden \"Unternehmen\" genannt, und unterliegen einer Nutzungsgenehmigung. Jede Vervielf\u00e4ltigung, Darstellung, \u00c4nderung, Ver\u00f6ffentlichung und Anpassung aller oder eines Teils der Elemente der Website, unabh\u00e4ngig von den verwendeten Mitteln oder Verfahren, ist untersagt, es sei denn, es liegt eine vorherige schriftliche Genehmigung des Unternehmens vor.<\/p>\n\n\n\n<p><strong>Allgemeine Nutzungsbedingungen<\/strong><br>Die Nutzung der Website setzt die vollst\u00e4ndige und uneingeschr\u00e4nkte Annahme der nachstehend beschriebenen allgemeinen Nutzungsbedingungen voraus. Diese Bedingungen k\u00f6nnen jederzeit ge\u00e4ndert oder erg\u00e4nzt werden; den Nutzern der Website wird daher empfohlen, sie regelm\u00e4\u00dfig zu konsultieren.<\/p>\n\n\n\n<p><strong>Schutz von pers\u00f6nlichen Daten<\/strong><br>Die \u00fcber die Formulare auf dieser Website gesammelten Informationen werden vom Unternehmen f\u00fcr statistische Analysen der Besucherzahlen und zur kommerziellen Verwaltung gespeichert. Gem\u00e4\u00df dem franz\u00f6sischen Datenschutzgesetz und der DSGVO k\u00f6nnen Sie Ihr Recht auf Zugang, Berichtigung und Widerspruch zu den Sie betreffenden Daten aus\u00fcben, indem Sie sich an folgende Adresse wenden <a href=\"#adresse-mail\">die E-Mail-Adresse des Kontakts<\/a> die am oberen Rand der Seite aufgef\u00fchrt sind.<\/p>\n\n\n\n<p><strong>Cookies<\/strong><br>Die Website verwendet Cookies, um die Benutzererfahrung zu verbessern, Besuchsstatistiken zu erstellen und angepasste Dienstleistungen anzubieten. Weitere Informationen und die M\u00f6glichkeit, Cookies einzustellen, finden Sie in unserer Datenschutzrichtlinie.<\/p>\n\n\n\n<p><strong>Anwendbares Recht und Gerichtsstand<\/strong><br>Alle Streitigkeiten im Zusammenhang mit der Nutzung der Website unterliegen dem franz\u00f6sischen Recht. Die ausschlie\u00dfliche Zust\u00e4ndigkeit liegt bei den zust\u00e4ndigen Gerichten des Departements, in dem das Unternehmen ans\u00e4ssig ist.<\/p>\n\n\n\n<p><strong>Kontakt<\/strong><br>Bei Fragen, Informationen \u00fcber die auf der Website vorgestellten Produkte oder Dienstleistungen oder \u00fcber die Website selbst k\u00f6nnen Sie eine Nachricht hinterlassen an <a href=\"#adresse-mail\">die E-Mail-Adresse des Kontakts<\/a> die am oberen Rand der Seite aufgef\u00fchrt sind.<\/p>","protected":false},"excerpt":{"rendered":"<p>Herausgeber der Website Hosting Geistiges EigentumDer gesamte Inhalt der Website HOYASURFCAMP.COM , im Folgenden \"Website\" genannt: Texte, Bilder, Grafiken, Logos, Icons, T\u00f6ne, Software usw. ist Eigentum von GEOFFREY JAUBERT, im Folgenden \"Unternehmen\" genannt, und unterliegt einer Nutzungsgenehmigung. Jede Vervielf\u00e4ltigung, Darstellung, \u00c4nderung, Ver\u00f6ffentlichung und Anpassung aller oder eines Teils der Elemente der Website, unabh\u00e4ngig von...<\/p>","protected":false},"author":2,"featured_media":0,"parent":0,"menu_order":0,"comment_status":"closed","ping_status":"closed","template":"","meta":{"_kad_blocks_custom_css":"","_kad_blocks_head_custom_js":"","_kad_blocks_body_custom_js":"","_kad_blocks_footer_custom_js":"","_kadence_starter_templates_imported_post":false,"_kad_post_transparent":"","_kad_post_title":"","_kad_post_layout":"narrow","_kad_post_sidebar_id":"","_kad_post_content_style":"","_kad_post_vertical_padding":"","_kad_post_feature":"","_kad_post_feature_position":"","_kad_post_header":false,"_kad_post_footer":false,"_kad_post_classname":"","footnotes":""},"class_list":["post-242","page","type-page","status-publish","hentry"],"taxonomy_info":[],"featured_image_src_large":false,"author_info":{"display_name":"manon","author_link":"https:\/\/hoyasurfcamp.com\/de\/author\/manon\/"},"comment_info":"","_links":{"self":[{"href":"https:\/\/hoyasurfcamp.com\/de\/wp-json\/wp\/v2\/pages\/242","targetHints":{"allow":["GET"]}}],"collection":[{"href":"https:\/\/hoyasurfcamp.com\/de\/wp-json\/wp\/v2\/pages"}],"about":[{"href":"https:\/\/hoyasurfcamp.com\/de\/wp-json\/wp\/v2\/types\/page"}],"author":[{"embeddable":true,"href":"https:\/\/hoyasurfcamp.com\/de\/wp-json\/wp\/v2\/users\/2"}],"replies":[{"embeddable":true,"href":"https:\/\/hoyasurfcamp.com\/de\/wp-json\/wp\/v2\/comments?post=242"}],"version-history":[{"count":0,"href":"https:\/\/hoyasurfcamp.com\/de\/wp-json\/wp\/v2\/pages\/242\/revisions"}],"wp:attachment":[{"href":"https:\/\/hoyasurfcamp.com\/de\/wp-json\/wp\/v2\/media?parent=242"}],"curies":[{"name":"wp","href":"https:\/\/api.w.org\/{rel}","templated":true}]}}